{"id":41,"date":"2026-01-26T12:14:14","date_gmt":"2026-01-26T11:14:14","guid":{"rendered":"https:\/\/xiemaradeloso.com\/?page_id=41"},"modified":"2026-04-28T11:12:16","modified_gmt":"2026-04-28T09:12:16","slug":"contacto","status":"publish","type":"page","link":"https:\/\/xiemaradeloso.com\/en\/contacto\/","title":{"rendered":"Contact"},"content":{"rendered":"\t\t<div data-elementor-type=\"wp-page\" data-elementor-id=\"41\" class=\"elementor elementor-41\" data-elementor-post-type=\"page\">\n\t\t\t\t<div class=\"elementor-element elementor-element-b592812 e-flex e-con-boxed e-con e-parent\" data-id=\"b592812\" data-element_type=\"container\" data-e-type=\"container\" data-settings=\"{&quot;background_background&quot;:&quot;classic&quot;}\">\n\t\t\t\t\t<div class=\"e-con-inner\">\n\t\t\t\t<div class=\"elementor-element elementor-element-20f57c4 elementor-widget-tablet__width-inherit elementor-widget elementor-widget-heading\" data-id=\"20f57c4\" data-element_type=\"widget\" data-e-type=\"widget\" data-widget_type=\"heading.default\">\n\t\t\t\t\t<h1 class=\"elementor-heading-title elementor-size-default\">Reserva tu sesi\u00f3n de Tatuaje Ceremonial o Tarot<\/h1>\t\t\t\t<\/div>\n\t\t\t\t<div class=\"elementor-element elementor-element-7a1b85d elementor-widget__width-inherit elementor-widget elementor-widget-text-editor\" data-id=\"7a1b85d\" data-element_type=\"widget\" data-e-type=\"widget\" data-widget_type=\"text-editor.default\">\n\t\t\t\t\t\t\t\t\t<p><a href=\"https:\/\/wa.me\/+34636050134\">+34 636 050 134<\/a><\/p><p><a href=\"mailto:hola@xiemaradeloso.com\">hola@xiemaradeloso.com<\/a><\/p>\t\t\t\t\t\t\t\t<\/div>\n\t\t<div class=\"elementor-element elementor-element-666eee7 e-con-full e-flex e-con e-child\" data-id=\"666eee7\" data-element_type=\"container\" data-e-type=\"container\">\n\t\t\t\t<div class=\"elementor-element elementor-element-e70151f elementor-widget__width-initial elementor-widget elementor-widget-image\" data-id=\"e70151f\" data-element_type=\"widget\" data-e-type=\"widget\" data-widget_type=\"image.default\">\n\t\t\t\t\t\t\t\t\t\t\t\t\t\t\t<img fetchpriority=\"high\" decoding=\"async\" width=\"1708\" height=\"2560\" src=\"https:\/\/xiemaradeloso.com\/wp-content\/uploads\/2026\/04\/xiemara_del_oso_17-scaled.webp\" class=\"attachment-full size-full wp-image-457\" alt=\"Sesi\u00f3n de tatuaje ceremonial guiada por Xiemara del Oso\" srcset=\"https:\/\/xiemaradeloso.com\/wp-content\/uploads\/2026\/04\/xiemara_del_oso_17-scaled.webp 1708w, https:\/\/xiemaradeloso.com\/wp-content\/uploads\/2026\/04\/xiemara_del_oso_17-200x300.webp 200w, https:\/\/xiemaradeloso.com\/wp-content\/uploads\/2026\/04\/xiemara_del_oso_17-683x1024.webp 683w, https:\/\/xiemaradeloso.com\/wp-content\/uploads\/2026\/04\/xiemara_del_oso_17-768x1151.webp 768w, https:\/\/xiemaradeloso.com\/wp-content\/uploads\/2026\/04\/xiemara_del_oso_17-1025x1536.webp 1025w, https:\/\/xiemaradeloso.com\/wp-content\/uploads\/2026\/04\/xiemara_del_oso_17-1367x2048.webp 1367w, https:\/\/xiemaradeloso.com\/wp-content\/uploads\/2026\/04\/xiemara_del_oso_17-8x12.webp 8w\" sizes=\"(max-width: 1708px) 100vw, 1708px\" \/>\t\t\t\t\t\t\t\t\t\t\t\t\t\t\t<\/div>\n\t\t<div class=\"elementor-element elementor-element-5f075bb e-con-full e-flex e-con e-child\" data-id=\"5f075bb\" data-element_type=\"container\" data-e-type=\"container\">\n\t\t\t\t<div class=\"elementor-element elementor-element-91467a5 elementor-widget-mobile__width-initial elementor-widget elementor-widget-text-editor\" data-id=\"91467a5\" data-element_type=\"widget\" data-e-type=\"widget\" data-widget_type=\"text-editor.default\">\n\t\t\t\t\t\t\t\t\t<p>Si algo en ti resuena, si sientes que este es tu momento, escr\u00edbeme.<\/p><p>Estoy aqu\u00ed para acompa\u00f1arte en el viaje hacia tu verdad.<\/p>\t\t\t\t\t\t\t\t<\/div>\n\t\t\t\t<\/div>\n\t\t\t\t<\/div>\n\t\t\t\t<div class=\"elementor-element elementor-element-12ed7bb elementor-widget-mobile__width-initial elementor-invisible elementor-widget elementor-widget-text-editor\" data-id=\"12ed7bb\" data-element_type=\"widget\" data-e-type=\"widget\" data-settings=\"{&quot;_animation&quot;:&quot;fadeInUp&quot;}\" data-widget_type=\"text-editor.default\">\n\t\t\t\t\t\t\t\t\t<p><strong>Lunes a jueves:\u00a0 \u00a0 \u00a0 \u00a0 \u00a0<\/strong>09:00 a 13:30 &#8211; 16:00 a 20:00<\/p><p><strong>Viernes:\u00a0<\/strong>\u00a0 \u00a0 \u00a0 \u00a0 \u00a0 \u00a0 \u00a0 \u00a0 \u00a0 \u00a0 \u00a0 \u00a0 \u00a009:00 \u2013 14:00<\/p>\t\t\t\t\t\t\t\t<\/div>\n\t\t\t\t\t<\/div>\n\t\t\t\t<\/div>\n\t\t<div class=\"elementor-element elementor-element-ba7d9a5 e-flex e-con-boxed e-con e-parent\" data-id=\"ba7d9a5\" data-element_type=\"container\" data-e-type=\"container\" data-settings=\"{&quot;background_background&quot;:&quot;classic&quot;}\">\n\t\t\t\t\t<div class=\"e-con-inner\">\n\t\t<div class=\"elementor-element elementor-element-27bf39b e-con-full e-flex e-con e-child\" data-id=\"27bf39b\" data-element_type=\"container\" data-e-type=\"container\">\n\t\t\t\t<div class=\"elementor-element elementor-element-98de8f8 elementor-widget elementor-widget-image\" data-id=\"98de8f8\" data-element_type=\"widget\" data-e-type=\"widget\" data-widget_type=\"image.default\">\n\t\t\t\t\t\t\t\t\t\t\t\t\t\t\t<img decoding=\"async\" width=\"800\" height=\"534\" src=\"https:\/\/xiemaradeloso.com\/wp-content\/uploads\/2026\/04\/xiemara_del_oso_14-1024x683.webp\" class=\"attachment-large size-large wp-image-454\" alt=\"\" srcset=\"https:\/\/xiemaradeloso.com\/wp-content\/uploads\/2026\/04\/xiemara_del_oso_14-1024x683.webp 1024w, https:\/\/xiemaradeloso.com\/wp-content\/uploads\/2026\/04\/xiemara_del_oso_14-300x200.webp 300w, https:\/\/xiemaradeloso.com\/wp-content\/uploads\/2026\/04\/xiemara_del_oso_14-768x512.webp 768w, https:\/\/xiemaradeloso.com\/wp-content\/uploads\/2026\/04\/xiemara_del_oso_14-1536x1025.webp 1536w, https:\/\/xiemaradeloso.com\/wp-content\/uploads\/2026\/04\/xiemara_del_oso_14-2048x1367.webp 2048w, https:\/\/xiemaradeloso.com\/wp-content\/uploads\/2026\/04\/xiemara_del_oso_14-18x12.webp 18w\" sizes=\"(max-width: 800px) 100vw, 800px\" \/>\t\t\t\t\t\t\t\t\t\t\t\t\t\t\t<\/div>\n\t\t\t\t<div class=\"elementor-element elementor-element-aebe702 elementor-widget__width-initial elementor-invisible elementor-widget elementor-widget-heading\" data-id=\"aebe702\" data-element_type=\"widget\" data-e-type=\"widget\" data-settings=\"{&quot;_animation&quot;:&quot;fadeIn&quot;}\" data-widget_type=\"heading.default\">\n\t\t\t\t\t<h2 class=\"elementor-heading-title elementor-size-default\">Cont\u00e1ctame y<br> cu\u00e9ntame tu idea<\/h2>\t\t\t\t<\/div>\n\t\t\t\t<div class=\"elementor-element elementor-element-f9a1bec elementor-widget elementor-widget-text-editor\" data-id=\"f9a1bec\" data-element_type=\"widget\" data-e-type=\"widget\" data-widget_type=\"text-editor.default\">\n\t\t\t\t\t\t\t\t\tTe invito a comenzar este viaje juntas. Explora los rituales, escucha tu intuici\u00f3n\u2026 y si sientes el s\u00ed, estar\u00e9 aqu\u00ed.\t\t\t\t\t\t\t\t<\/div>\n\t\t\t\t<div class=\"elementor-element elementor-element-88d3627 elementor-icon-list--layout-traditional elementor-list-item-link-full_width elementor-widget elementor-widget-icon-list\" data-id=\"88d3627\" data-element_type=\"widget\" data-e-type=\"widget\" data-widget_type=\"icon-list.default\">\n\t\t\t\t\t\t\t<ul class=\"elementor-icon-list-items\">\n\t\t\t\t\t\t\t<li class=\"elementor-icon-list-item\">\n\t\t\t\t\t\t\t\t\t\t\t<a href=\"mailto:hola@xiemaradeloso.com\" target=\"_blank\">\n\n\t\t\t\t\t\t\t\t\t\t\t\t<span class=\"elementor-icon-list-icon\">\n\t\t\t\t\t\t\t<svg aria-hidden=\"true\" class=\"e-font-icon-svg e-far-envelope\" viewBox=\"0 0 512 512\" xmlns=\"http:\/\/www.w3.org\/2000\/svg\"><path d=\"M464 64H48C21.49 64 0 85.49 0 112v288c0 26.51 21.49 48 48 48h416c26.51 0 48-21.49 48-48V112c0-26.51-21.49-48-48-48zm0 48v40.805c-22.422 18.259-58.168 46.651-134.587 106.49-16.841 13.247-50.201 45.072-73.413 44.701-23.208.375-56.579-31.459-73.413-44.701C106.18 199.465 70.425 171.067 48 152.805V112h416zM48 400V214.398c22.914 18.251 55.409 43.862 104.938 82.646 21.857 17.205 60.134 55.186 103.062 54.955 42.717.231 80.509-37.199 103.053-54.947 49.528-38.783 82.032-64.401 104.947-82.653V400H48z\"><\/path><\/svg>\t\t\t\t\t\t<\/span>\n\t\t\t\t\t\t\t\t\t\t<span class=\"elementor-icon-list-text\">hola@xiemaradeloso.com<\/span>\n\t\t\t\t\t\t\t\t\t\t\t<\/a>\n\t\t\t\t\t\t\t\t\t<\/li>\n\t\t\t\t\t\t\t\t<li class=\"elementor-icon-list-item\">\n\t\t\t\t\t\t\t\t\t\t\t<a href=\"https:\/\/wa.me\/+34636050134\" target=\"_blank\">\n\n\t\t\t\t\t\t\t\t\t\t\t\t<span class=\"elementor-icon-list-icon\">\n\t\t\t\t\t\t\t<svg aria-hidden=\"true\" class=\"e-font-icon-svg e-fab-whatsapp\" viewBox=\"0 0 448 512\" xmlns=\"http:\/\/www.w3.org\/2000\/svg\"><path d=\"M380.9 97.1C339 55.1 283.2 32 223.9 32c-122.4 0-222 99.6-222 222 0 39.1 10.2 77.3 29.6 111L0 480l117.7-30.9c32.4 17.7 68.9 27 106.1 27h.1c122.3 0 224.1-99.6 224.1-222 0-59.3-25.2-115-67.1-157zm-157 341.6c-33.2 0-65.7-8.9-94-25.7l-6.7-4-69.8 18.3L72 359.2l-4.4-7c-18.5-29.4-28.2-63.3-28.2-98.2 0-101.7 82.8-184.5 184.6-184.5 49.3 0 95.6 19.2 130.4 54.1 34.8 34.9 56.2 81.2 56.1 130.5 0 101.8-84.9 184.6-186.6 184.6zm101.2-138.2c-5.5-2.8-32.8-16.2-37.9-18-5.1-1.9-8.8-2.8-12.5 2.8-3.7 5.6-14.3 18-17.6 21.8-3.2 3.7-6.5 4.2-12 1.4-32.6-16.3-54-29.1-75.5-66-5.7-9.8 5.7-9.1 16.3-30.3 1.8-3.7.9-6.9-.5-9.7-1.4-2.8-12.5-30.1-17.1-41.2-4.5-10.8-9.1-9.3-12.5-9.5-3.2-.2-6.9-.2-10.6-.2-3.7 0-9.7 1.4-14.8 6.9-5.1 5.6-19.4 19-19.4 46.3 0 27.3 19.9 53.7 22.6 57.4 2.8 3.7 39.1 59.7 94.8 83.8 35.2 15.2 49 16.5 66.6 13.9 10.7-1.6 32.8-13.4 37.4-26.4 4.6-13 4.6-24.1 3.2-26.4-1.3-2.5-5-3.9-10.5-6.6z\"><\/path><\/svg>\t\t\t\t\t\t<\/span>\n\t\t\t\t\t\t\t\t\t\t<span class=\"elementor-icon-list-text\">+34636050134<\/span>\n\t\t\t\t\t\t\t\t\t\t\t<\/a>\n\t\t\t\t\t\t\t\t\t<\/li>\n\t\t\t\t\t\t<\/ul>\n\t\t\t\t\t\t<\/div>\n\t\t\t\t<\/div>\n\t\t\t\t<div class=\"elementor-element elementor-element-932b021 olab-contact-form elementor-widget__width-initial elementor-button-align-stretch elementor-widget elementor-widget-form\" data-id=\"932b021\" data-element_type=\"widget\" data-e-type=\"widget\" data-settings=\"{&quot;step_next_label&quot;:&quot;Siguiente&quot;,&quot;step_previous_label&quot;:&quot;Anterior&quot;,&quot;button_width&quot;:&quot;100&quot;,&quot;step_type&quot;:&quot;number_text&quot;,&quot;step_icon_shape&quot;:&quot;circle&quot;}\" data-widget_type=\"form.default\">\n\t\t\t\t\t\t\t<form class=\"elementor-form\" method=\"post\" name=\"Formulario INICIO\" aria-label=\"Formulario INICIO\">\n\t\t\t<input type=\"hidden\" name=\"post_id\" value=\"41\"\/>\n\t\t\t<input type=\"hidden\" name=\"form_id\" value=\"932b021\"\/>\n\t\t\t<input type=\"hidden\" name=\"referer_title\" value=\"Xiemara Del Oso\" \/>\n\n\t\t\t\n\t\t\t<div class=\"elementor-form-fields-wrapper elementor-labels-above\">\n\t\t\t\t\t\t\t\t<div class=\"elementor-field-type-text elementor-field-group elementor-column elementor-field-group-name elementor-col-100\">\n\t\t\t\t\t\t\t\t\t\t\t\t<label for=\"form-field-name\" class=\"elementor-field-label\">\n\t\t\t\t\t\t\t\tTu Nombre\t\t\t\t\t\t\t<\/label>\n\t\t\t\t\t\t\t\t\t\t\t\t\t\t<input size=\"1\" type=\"text\" name=\"form_fields[name]\" id=\"form-field-name\" class=\"elementor-field elementor-size-sm  elementor-field-textual\" placeholder=\"Nombre\">\n\t\t\t\t\t\t\t\t\t\t\t<\/div>\n\t\t\t\t\t\t\t\t<div class=\"elementor-field-type-email elementor-field-group elementor-column elementor-field-group-email elementor-col-100 elementor-field-required elementor-mark-required\">\n\t\t\t\t\t\t\t\t\t\t\t\t<label for=\"form-field-email\" class=\"elementor-field-label\">\n\t\t\t\t\t\t\t\tTu Mail\t\t\t\t\t\t\t<\/label>\n\t\t\t\t\t\t\t\t\t\t\t\t\t\t<input size=\"1\" type=\"email\" name=\"form_fields[email]\" id=\"form-field-email\" class=\"elementor-field elementor-size-sm  elementor-field-textual\" placeholder=\"Email\" required=\"required\">\n\t\t\t\t\t\t\t\t\t\t\t<\/div>\n\t\t\t\t\t\t\t\t<div class=\"elementor-field-type-tel elementor-field-group elementor-column elementor-field-group-field_f12bae0 elementor-col-100 elementor-field-required elementor-mark-required\">\n\t\t\t\t\t\t\t\t\t\t\t\t<label for=\"form-field-field_f12bae0\" class=\"elementor-field-label\">\n\t\t\t\t\t\t\t\tTu Tel\u00e9fono\t\t\t\t\t\t\t<\/label>\n\t\t\t\t\t\t\t\t<input size=\"1\" type=\"tel\" name=\"form_fields[field_f12bae0]\" id=\"form-field-field_f12bae0\" class=\"elementor-field elementor-size-sm  elementor-field-textual\" placeholder=\"Tel\u00e9fono\" required=\"required\" pattern=\"[0-9()#&amp;+*-=.]+\" title=\"Only numbers and phone characters (#, -, *, etc) are accepted.\">\n\n\t\t\t\t\t\t<\/div>\n\t\t\t\t\t\t\t\t<div class=\"elementor-field-type-textarea elementor-field-group elementor-column elementor-field-group-field_af88a86 elementor-col-100 elementor-field-required elementor-mark-required\">\n\t\t\t\t\t\t\t\t\t\t\t\t<label for=\"form-field-field_af88a86\" class=\"elementor-field-label\">\n\t\t\t\t\t\t\t\t\u00bfC\u00f3mo te ayudo?\t\t\t\t\t\t\t<\/label>\n\t\t\t\t\t\t<textarea class=\"elementor-field-textual elementor-field  elementor-size-sm\" name=\"form_fields[field_af88a86]\" id=\"form-field-field_af88a86\" rows=\"4\" placeholder=\"...\" required=\"required\"><\/textarea>\t\t\t\t<\/div>\n\t\t\t\t\t\t\t\t<div class=\"elementor-field-type-text\">\n\t\t\t\t\t<input size=\"1\" type=\"text\" name=\"form_fields[field_8ad274f]\" id=\"form-field-field_8ad274f\" class=\"elementor-field elementor-size-sm \" style=\"display:none !important;\">\t\t\t\t<\/div>\n\t\t\t\t\t\t\t\t<div class=\"elementor-field-type-acceptance elementor-field-group elementor-column elementor-field-group-field_6e21b72 elementor-col-100\">\n\t\t\t\t\t\t\t<div class=\"elementor-field-subgroup\">\n\t\t\t<span class=\"elementor-field-option\">\n\t\t\t\t<input type=\"checkbox\" name=\"form_fields[field_6e21b72]\" id=\"form-field-field_6e21b72\" class=\"elementor-field elementor-size-sm  elementor-acceptance-field\">\n\t\t\t\t<label for=\"form-field-field_6e21b72\">Acepto la <a style=\"font-weight: 700; text-decoration: underline;\" href=\"\/politica-privacidad\">pol\u00edtica de privacidad<\/a><\/label>\t\t\t<\/span>\n\t\t<\/div>\n\t\t\t\t\t\t<\/div>\n\t\t\t\t\t\t\t\t<div class=\"elementor-field-type-recaptcha_v3 elementor-field-group elementor-column elementor-field-group-field_b89f123 elementor-col-100 recaptcha_v3-bottomleft\">\n\t\t\t\t\t<div class=\"elementor-field\" id=\"form-field-field_b89f123\"><div class=\"elementor-g-recaptcha\" data-sitekey=\"6LeO-lksAAAAAGvdokXkg4OKu-3ylJW_6RYC3BHx\" data-type=\"v3\" data-action=\"Form\" data-badge=\"bottomleft\" data-size=\"invisible\"><\/div><\/div>\t\t\t\t<\/div>\n\t\t\t\t\t\t\t\t<div class=\"elementor-field-group elementor-column elementor-field-type-submit elementor-col-100 e-form__buttons\">\n\t\t\t\t\t<button class=\"elementor-button elementor-size-md\" type=\"submit\">\n\t\t\t\t\t\t<span class=\"elementor-button-content-wrapper\">\n\t\t\t\t\t\t\t\t\t\t\t\t\t\t\t\t\t\t\t\t\t\t<span class=\"elementor-button-text\">Enviar<\/span>\n\t\t\t\t\t\t\t\t\t\t\t\t\t<\/span>\n\t\t\t\t\t<\/button>\n\t\t\t\t<\/div>\n\t\t\t<\/div>\n\t\t<\/form>\n\t\t\t\t\t\t<\/div>\n\t\t\t\t\t<\/div>\n\t\t\t\t<\/div>\n\t\t\t\t<\/div>\n\t\t","protected":false},"excerpt":{"rendered":"<p>Reserva tu sesi\u00f3n de Tatuaje Ceremonial o Tarot +34 636 050 134 hola@xiemaradeloso.com Si algo en ti resuena, si sientes que este es tu momento, escr\u00edbeme. Estoy aqu\u00ed para acompa\u00f1arte en el viaje hacia tu verdad. Lunes a jueves:\u00a0 \u00a0 \u00a0 \u00a0 \u00a009:00 a 13:30 &#8211; 16:00 a 20:00 Viernes:\u00a0\u00a0 \u00a0 \u00a0 \u00a0 \u00a0 \u00a0 [&hellip;]<\/p>\n","protected":false},"author":2,"featured_media":155,"parent":0,"menu_order":0,"comment_status":"closed","ping_status":"closed","template":"","meta":{"footnotes":""},"class_list":["post-41","page","type-page","status-publish","has-post-thumbnail","hentry"],"yoast_head":"<!-- This site is optimized with the Yoast SEO plugin v27.4 - https:\/\/yoast.com\/product\/yoast-seo-wordpress\/ -->\n<title>Contacta con Xiemara del Oso | Tatuaje Ceremonial y Tarot<\/title>\n<meta name=\"description\" content=\"\u00bfLista para comenzar tu ritual? Reserva tu sesi\u00f3n de tatuaje ceremonial, tarot o hipnosis con Xiemara del Oso. Sin compromiso.\" \/>\n<meta name=\"robots\" content=\"index, follow, max-snippet:-1, max-image-preview:large, max-video-preview:-1\" \/>\n<link rel=\"canonical\" href=\"https:\/\/xiemaradeloso.com\/en\/contacto\/\" \/>\n<meta property=\"og:locale\" content=\"en_GB\" \/>\n<meta property=\"og:type\" content=\"article\" \/>\n<meta property=\"og:title\" content=\"Contacta con Xiemara del Oso | Tatuaje Ceremonial y Tarot\" \/>\n<meta property=\"og:description\" content=\"\u00bfLista para comenzar tu ritual? Reserva tu sesi\u00f3n de tatuaje ceremonial, tarot o hipnosis con Xiemara del Oso. Sin compromiso.\" \/>\n<meta property=\"og:url\" content=\"https:\/\/xiemaradeloso.com\/en\/contacto\/\" \/>\n<meta property=\"og:site_name\" content=\"Xiemara Del Oso\" \/>\n<meta property=\"article:modified_time\" content=\"2026-04-28T09:12:16+00:00\" \/>\n<meta property=\"og:image\" content=\"https:\/\/xiemaradeloso.com\/wp-content\/uploads\/2026\/01\/img-inicio1.webp\" \/>\n\t<meta property=\"og:image:width\" content=\"366\" \/>\n\t<meta property=\"og:image:height\" content=\"498\" \/>\n\t<meta property=\"og:image:type\" content=\"image\/webp\" \/>\n<meta name=\"twitter:card\" content=\"summary_large_image\" \/>\n<meta name=\"twitter:label1\" content=\"Estimated reading time\" \/>\n\t<meta name=\"twitter:data1\" content=\"1 minute\" \/>\n<script type=\"application\/ld+json\" class=\"yoast-schema-graph\">{\"@context\":\"https:\\\/\\\/schema.org\",\"@graph\":[{\"@type\":\"WebPage\",\"@id\":\"https:\\\/\\\/xiemaradeloso.com\\\/contacto\\\/\",\"url\":\"https:\\\/\\\/xiemaradeloso.com\\\/contacto\\\/\",\"name\":\"Contacta con Xiemara del Oso | Tatuaje Ceremonial y Tarot\",\"isPartOf\":{\"@id\":\"https:\\\/\\\/xiemaradeloso.com\\\/#website\"},\"primaryImageOfPage\":{\"@id\":\"https:\\\/\\\/xiemaradeloso.com\\\/contacto\\\/#primaryimage\"},\"image\":{\"@id\":\"https:\\\/\\\/xiemaradeloso.com\\\/contacto\\\/#primaryimage\"},\"thumbnailUrl\":\"https:\\\/\\\/xiemaradeloso.com\\\/wp-content\\\/uploads\\\/2026\\\/01\\\/img-inicio1.webp\",\"datePublished\":\"2026-01-26T11:14:14+00:00\",\"dateModified\":\"2026-04-28T09:12:16+00:00\",\"description\":\"\u00bfLista para comenzar tu ritual? Reserva tu sesi\u00f3n de tatuaje ceremonial, tarot o hipnosis con Xiemara del Oso. Sin compromiso.\",\"breadcrumb\":{\"@id\":\"https:\\\/\\\/xiemaradeloso.com\\\/contacto\\\/#breadcrumb\"},\"inLanguage\":\"en-GB\",\"potentialAction\":[{\"@type\":\"ReadAction\",\"target\":[\"https:\\\/\\\/xiemaradeloso.com\\\/contacto\\\/\"]}]},{\"@type\":\"ImageObject\",\"inLanguage\":\"en-GB\",\"@id\":\"https:\\\/\\\/xiemaradeloso.com\\\/contacto\\\/#primaryimage\",\"url\":\"https:\\\/\\\/xiemaradeloso.com\\\/wp-content\\\/uploads\\\/2026\\\/01\\\/img-inicio1.webp\",\"contentUrl\":\"https:\\\/\\\/xiemaradeloso.com\\\/wp-content\\\/uploads\\\/2026\\\/01\\\/img-inicio1.webp\",\"width\":366,\"height\":498,\"caption\":\"Xiemara del Oso, artista de tatuaje ceremonial y lectora de tarot\"},{\"@type\":\"BreadcrumbList\",\"@id\":\"https:\\\/\\\/xiemaradeloso.com\\\/contacto\\\/#breadcrumb\",\"itemListElement\":[{\"@type\":\"ListItem\",\"position\":1,\"name\":\"Portada\",\"item\":\"https:\\\/\\\/xiemaradeloso.com\\\/\"},{\"@type\":\"ListItem\",\"position\":2,\"name\":\"Contacto\"}]},{\"@type\":\"WebSite\",\"@id\":\"https:\\\/\\\/xiemaradeloso.com\\\/#website\",\"url\":\"https:\\\/\\\/xiemaradeloso.com\\\/\",\"name\":\"Xiemara Del Oso\",\"description\":\"Tatuajes ceremoniales\",\"publisher\":{\"@id\":\"https:\\\/\\\/xiemaradeloso.com\\\/#organization\"},\"alternateName\":\"Xiemara Del Oso\",\"potentialAction\":[{\"@type\":\"SearchAction\",\"target\":{\"@type\":\"EntryPoint\",\"urlTemplate\":\"https:\\\/\\\/xiemaradeloso.com\\\/?s={search_term_string}\"},\"query-input\":{\"@type\":\"PropertyValueSpecification\",\"valueRequired\":true,\"valueName\":\"search_term_string\"}}],\"inLanguage\":\"en-GB\"},{\"@type\":\"Organization\",\"@id\":\"https:\\\/\\\/xiemaradeloso.com\\\/#organization\",\"name\":\"Xiemara del Oso\",\"alternateName\":\"Xiemara del Oso | Tatuajes ceremoniales\",\"url\":\"https:\\\/\\\/xiemaradeloso.com\\\/\",\"logo\":{\"@type\":\"ImageObject\",\"inLanguage\":\"en-GB\",\"@id\":\"https:\\\/\\\/xiemaradeloso.com\\\/#\\\/schema\\\/logo\\\/image\\\/\",\"url\":\"https:\\\/\\\/xiemaradeloso.com\\\/wp-content\\\/uploads\\\/2026\\\/01\\\/cropped-favicon-xiemara.png\",\"contentUrl\":\"https:\\\/\\\/xiemaradeloso.com\\\/wp-content\\\/uploads\\\/2026\\\/01\\\/cropped-favicon-xiemara.png\",\"width\":512,\"height\":512,\"caption\":\"Xiemara del Oso\"},\"image\":{\"@id\":\"https:\\\/\\\/xiemaradeloso.com\\\/#\\\/schema\\\/logo\\\/image\\\/\"}}]}<\/script>\n<!-- \/ Yoast SEO plugin. -->","yoast_head_json":{"title":"Contacta con Xiemara del Oso | Tatuaje Ceremonial y Tarot","description":"\u00bfLista para comenzar tu ritual? Reserva tu sesi\u00f3n de tatuaje ceremonial, tarot o hipnosis con Xiemara del Oso. Sin compromiso.","robots":{"index":"index","follow":"follow","max-snippet":"max-snippet:-1","max-image-preview":"max-image-preview:large","max-video-preview":"max-video-preview:-1"},"canonical":"https:\/\/xiemaradeloso.com\/en\/contacto\/","og_locale":"en_GB","og_type":"article","og_title":"Contacta con Xiemara del Oso | Tatuaje Ceremonial y Tarot","og_description":"\u00bfLista para comenzar tu ritual? Reserva tu sesi\u00f3n de tatuaje ceremonial, tarot o hipnosis con Xiemara del Oso. Sin compromiso.","og_url":"https:\/\/xiemaradeloso.com\/en\/contacto\/","og_site_name":"Xiemara Del Oso","article_modified_time":"2026-04-28T09:12:16+00:00","og_image":[{"width":366,"height":498,"url":"https:\/\/xiemaradeloso.com\/wp-content\/uploads\/2026\/01\/img-inicio1.webp","type":"image\/webp"}],"twitter_card":"summary_large_image","twitter_misc":{"Estimated reading time":"1 minute"},"schema":{"@context":"https:\/\/schema.org","@graph":[{"@type":"WebPage","@id":"https:\/\/xiemaradeloso.com\/contacto\/","url":"https:\/\/xiemaradeloso.com\/contacto\/","name":"Contacta con Xiemara del Oso | Tatuaje Ceremonial y Tarot","isPartOf":{"@id":"https:\/\/xiemaradeloso.com\/#website"},"primaryImageOfPage":{"@id":"https:\/\/xiemaradeloso.com\/contacto\/#primaryimage"},"image":{"@id":"https:\/\/xiemaradeloso.com\/contacto\/#primaryimage"},"thumbnailUrl":"https:\/\/xiemaradeloso.com\/wp-content\/uploads\/2026\/01\/img-inicio1.webp","datePublished":"2026-01-26T11:14:14+00:00","dateModified":"2026-04-28T09:12:16+00:00","description":"\u00bfLista para comenzar tu ritual? Reserva tu sesi\u00f3n de tatuaje ceremonial, tarot o hipnosis con Xiemara del Oso. Sin compromiso.","breadcrumb":{"@id":"https:\/\/xiemaradeloso.com\/contacto\/#breadcrumb"},"inLanguage":"en-GB","potentialAction":[{"@type":"ReadAction","target":["https:\/\/xiemaradeloso.com\/contacto\/"]}]},{"@type":"ImageObject","inLanguage":"en-GB","@id":"https:\/\/xiemaradeloso.com\/contacto\/#primaryimage","url":"https:\/\/xiemaradeloso.com\/wp-content\/uploads\/2026\/01\/img-inicio1.webp","contentUrl":"https:\/\/xiemaradeloso.com\/wp-content\/uploads\/2026\/01\/img-inicio1.webp","width":366,"height":498,"caption":"Xiemara del Oso, artista de tatuaje ceremonial y lectora de tarot"},{"@type":"BreadcrumbList","@id":"https:\/\/xiemaradeloso.com\/contacto\/#breadcrumb","itemListElement":[{"@type":"ListItem","position":1,"name":"Portada","item":"https:\/\/xiemaradeloso.com\/"},{"@type":"ListItem","position":2,"name":"Contacto"}]},{"@type":"WebSite","@id":"https:\/\/xiemaradeloso.com\/#website","url":"https:\/\/xiemaradeloso.com\/","name":"Xiemara Del Oso","description":"Tatuajes ceremoniales","publisher":{"@id":"https:\/\/xiemaradeloso.com\/#organization"},"alternateName":"Xiemara Del Oso","potentialAction":[{"@type":"SearchAction","target":{"@type":"EntryPoint","urlTemplate":"https:\/\/xiemaradeloso.com\/?s={search_term_string}"},"query-input":{"@type":"PropertyValueSpecification","valueRequired":true,"valueName":"search_term_string"}}],"inLanguage":"en-GB"},{"@type":"Organization","@id":"https:\/\/xiemaradeloso.com\/#organization","name":"Xiemara del Oso","alternateName":"Xiemara del Oso | Tatuajes ceremoniales","url":"https:\/\/xiemaradeloso.com\/","logo":{"@type":"ImageObject","inLanguage":"en-GB","@id":"https:\/\/xiemaradeloso.com\/#\/schema\/logo\/image\/","url":"https:\/\/xiemaradeloso.com\/wp-content\/uploads\/2026\/01\/cropped-favicon-xiemara.png","contentUrl":"https:\/\/xiemaradeloso.com\/wp-content\/uploads\/2026\/01\/cropped-favicon-xiemara.png","width":512,"height":512,"caption":"Xiemara del Oso"},"image":{"@id":"https:\/\/xiemaradeloso.com\/#\/schema\/logo\/image\/"}}]}},"_links":{"self":[{"href":"https:\/\/xiemaradeloso.com\/en\/wp-json\/wp\/v2\/pages\/41","targetHints":{"allow":["GET"]}}],"collection":[{"href":"https:\/\/xiemaradeloso.com\/en\/wp-json\/wp\/v2\/pages"}],"about":[{"href":"https:\/\/xiemaradeloso.com\/en\/wp-json\/wp\/v2\/types\/page"}],"author":[{"embeddable":true,"href":"https:\/\/xiemaradeloso.com\/en\/wp-json\/wp\/v2\/users\/2"}],"replies":[{"embeddable":true,"href":"https:\/\/xiemaradeloso.com\/en\/wp-json\/wp\/v2\/comments?post=41"}],"version-history":[{"count":34,"href":"https:\/\/xiemaradeloso.com\/en\/wp-json\/wp\/v2\/pages\/41\/revisions"}],"predecessor-version":[{"id":625,"href":"https:\/\/xiemaradeloso.com\/en\/wp-json\/wp\/v2\/pages\/41\/revisions\/625"}],"wp:featuredmedia":[{"embeddable":true,"href":"https:\/\/xiemaradeloso.com\/en\/wp-json\/wp\/v2\/media\/155"}],"wp:attachment":[{"href":"https:\/\/xiemaradeloso.com\/en\/wp-json\/wp\/v2\/media?parent=41"}],"curies":[{"name":"wp","href":"https:\/\/api.w.org\/{rel}","templated":true}]}}